{"id":65126,"date":"2025-09-30T00:04:51","date_gmt":"2025-09-30T00:04:51","guid":{"rendered":"https:\/\/proyectodevida.org.mx\/?page_id=65126"},"modified":"2025-10-08T18:11:09","modified_gmt":"2025-10-08T18:11:09","slug":"boletines-cuatrimestrales","status":"publish","type":"page","link":"https:\/\/proyectodevida.org.mx\/en\/transparancia\/boletines-cuatrimestrales\/","title":{"rendered":"Bolet\u00ednes Cuatrimestrales"},"content":{"rendered":"<div data-elementor-type=\"wp-page\" data-elementor-id=\"65126\" class=\"elementor elementor-65126\">\n\t\t\t\t\t\t<section class=\"elementor-section elementor-top-section elementor-element elementor-element-a62a651 elementor-section-boxed elementor-section-height-default elementor-section-height-default\" data-id=\"a62a651\" data-element_type=\"section\">\n\t\t\t\t\t\t<div class=\"elementor-container elementor-column-gap-default\">\n\t\t\t\t\t<div class=\"elementor-column elementor-col-100 elementor-top-column elementor-element elementor-element-45b3da6\" data-id=\"45b3da6\" data-element_type=\"column\">\n\t\t\t<div class=\"elementor-widget-wrap elementor-element-populated\">\n\t\t\t\t\t\t<div class=\"elementor-element elementor-element-dc59b49 elementor-widget__width-initial elementor-widget elementor-widget-text-editor\" data-id=\"dc59b49\" data-element_type=\"widget\" data-widget_type=\"text-editor.default\">\n\t\t\t\t<div class=\"elementor-widget-container\">\n\t\t\t\t\t\t\t\t\t<h4><span style=\"color: #1d833a;\">Bolet\u00ednes Cuatrimestrales<\/span><\/h4>\t\t\t\t\t\t\t\t<\/div>\n\t\t\t\t<\/div>\n\t\t\t\t\t<\/div>\n\t\t<\/div>\n\t\t\t\t\t<\/div>\n\t\t<\/section>\n\t\t\t\t<section class=\"elementor-section elementor-top-section elementor-element elementor-element-ce0100a elementor-section-boxed elementor-section-height-default elementor-section-height-default\" data-id=\"ce0100a\" data-element_type=\"section\">\n\t\t\t\t\t\t<div class=\"elementor-container elementor-column-gap-default\">\n\t\t\t\t\t<div class=\"elementor-column elementor-col-50 elementor-top-column elementor-element elementor-element-2fdc20a\" data-id=\"2fdc20a\" data-element_type=\"column\">\n\t\t\t<div class=\"elementor-widget-wrap elementor-element-populated\">\n\t\t\t\t\t\t<div class=\"elementor-element elementor-element-4cf7f71 elementor-widget__width-inherit elementor-widget elementor-widget-image\" data-id=\"4cf7f71\" data-element_type=\"widget\" data-widget_type=\"image.default\">\n\t\t\t\t<div class=\"elementor-widget-container\">\n\t\t\t\t\t\t\t\t\t\t\t\t\t\t\t\t<a href=\"https:\/\/proyectodevida.org.mx\/wp-content\/uploads\/2024\/05\/Informe-de-Actividades-2021.pptx-4-1.pdf\" target=\"_blank\">\n\t\t\t\t\t\t\t<img fetchpriority=\"high\" decoding=\"async\" width=\"768\" height=\"1080\" src=\"https:\/\/proyectodevida.org.mx\/wp-content\/uploads\/2025\/06\/Capture-decran-2025-06-19-a-11.48.10-768x1080.png\" class=\"elementor-animation-grow attachment-medium_large size-medium_large wp-image-64965\" alt=\"\" srcset=\"https:\/\/proyectodevida.org.mx\/wp-content\/uploads\/2025\/06\/Capture-decran-2025-06-19-a-11.48.10-768x1080.png 768w, https:\/\/proyectodevida.org.mx\/wp-content\/uploads\/2025\/06\/Capture-decran-2025-06-19-a-11.48.10-213x300.png 213w, https:\/\/proyectodevida.org.mx\/wp-content\/uploads\/2025\/06\/Capture-decran-2025-06-19-a-11.48.10-728x1024.png 728w, https:\/\/proyectodevida.org.mx\/wp-content\/uploads\/2025\/06\/Capture-decran-2025-06-19-a-11.48.10-9x12.png 9w, https:\/\/proyectodevida.org.mx\/wp-content\/uploads\/2025\/06\/Capture-decran-2025-06-19-a-11.48.10.png 1008w\" sizes=\"(max-width: 768px) 100vw, 768px\" \/>\t\t\t\t\t\t\t\t<\/a>\n\t\t\t\t\t\t\t\t\t\t\t\t\t\t\t<\/div>\n\t\t\t\t<\/div>\n\t\t\t\t\t<\/div>\n\t\t<\/div>\n\t\t\t\t<div class=\"elementor-column elementor-col-50 elementor-top-column elementor-element elementor-element-cc809fb\" data-id=\"cc809fb\" data-element_type=\"column\">\n\t\t\t<div class=\"elementor-widget-wrap elementor-element-populated\">\n\t\t\t\t\t\t<div class=\"elementor-element elementor-element-e9257ea elementor-widget__width-auto elementor-absolute elementor-widget elementor-widget-image\" data-id=\"e9257ea\" data-element_type=\"widget\" data-settings=\"{&quot;_position&quot;:&quot;absolute&quot;}\" data-widget_type=\"image.default\">\n\t\t\t\t<div class=\"elementor-widget-container\">\n\t\t\t\t\t\t\t\t\t\t\t\t\t\t\t\t<a href=\"https:\/\/proyectodevida.org.mx\/wp-content\/uploads\/2025\/09\/BOLETIN-MAYO-JUNIO-JULIO-AGOSTO-2025.pdf\" target=\"_blank\">\n\t\t\t\t\t\t\t<img decoding=\"async\" width=\"768\" height=\"464\" src=\"https:\/\/proyectodevida.org.mx\/wp-content\/uploads\/2025\/09\/Capture-decran-2025-09-30-194757-768x464.jpg\" class=\"attachment-medium_large size-medium_large wp-image-65163\" alt=\"\" srcset=\"https:\/\/proyectodevida.org.mx\/wp-content\/uploads\/2025\/09\/Capture-decran-2025-09-30-194757-768x464.jpg 768w, https:\/\/proyectodevida.org.mx\/wp-content\/uploads\/2025\/09\/Capture-decran-2025-09-30-194757-300x181.jpg 300w, https:\/\/proyectodevida.org.mx\/wp-content\/uploads\/2025\/09\/Capture-decran-2025-09-30-194757-1024x619.jpg 1024w, https:\/\/proyectodevida.org.mx\/wp-content\/uploads\/2025\/09\/Capture-decran-2025-09-30-194757-18x12.jpg 18w, https:\/\/proyectodevida.org.mx\/wp-content\/uploads\/2025\/09\/Capture-decran-2025-09-30-194757.jpg 1183w\" sizes=\"(max-width: 768px) 100vw, 768px\" \/>\t\t\t\t\t\t\t\t<\/a>\n\t\t\t\t\t\t\t\t\t\t\t\t\t\t\t<\/div>\n\t\t\t\t<\/div>\n\t\t\t\t\t<\/div>\n\t\t<\/div>\n\t\t\t\t\t<\/div>\n\t\t<\/section>\n\t\t\t\t<section class=\"elementor-section elementor-top-section elementor-element elementor-element-32b208c elementor-section-boxed elementor-section-height-default elementor-section-height-default\" data-id=\"32b208c\" data-element_type=\"section\">\n\t\t\t\t\t\t<div class=\"elementor-container elementor-column-gap-default\">\n\t\t\t\t\t<div class=\"elementor-column elementor-col-100 elementor-top-column elementor-element elementor-element-898a11a\" data-id=\"898a11a\" data-element_type=\"column\">\n\t\t\t<div class=\"elementor-widget-wrap elementor-element-populated\">\n\t\t\t\t\t\t<div class=\"elementor-element elementor-element-a875317 elementor-widget__width-inherit elementor-absolute elementor-widget elementor-widget-text-editor\" data-id=\"a875317\" data-element_type=\"widget\" data-settings=\"{&quot;_position&quot;:&quot;absolute&quot;}\" data-widget_type=\"text-editor.default\">\n\t\t\t\t<div class=\"elementor-widget-container\">\n\t\t\t\t\t\t\t\t\t<h4><span style=\"color: #1a833a;\">Bolet\u00ednes Cuatrimestrales<\/span><\/h4>\t\t\t\t\t\t\t\t<\/div>\n\t\t\t\t<\/div>\n\t\t\t\t\t<\/div>\n\t\t<\/div>\n\t\t\t\t\t<\/div>\n\t\t<\/section>\n\t\t\t\t<section class=\"elementor-section elementor-top-section elementor-element elementor-element-81cade9 elementor-section-boxed elementor-section-height-default elementor-section-height-default\" data-id=\"81cade9\" data-element_type=\"section\">\n\t\t\t\t\t\t<div class=\"elementor-container elementor-column-gap-default\">\n\t\t\t\t\t<div class=\"elementor-column elementor-col-100 elementor-top-column elementor-element elementor-element-a8dc0d6\" data-id=\"a8dc0d6\" data-element_type=\"column\">\n\t\t\t<div class=\"elementor-widget-wrap\">\n\t\t\t\t\t\t\t<\/div>\n\t\t<\/div>\n\t\t\t\t\t<\/div>\n\t\t<\/section>\n\t\t\t\t<\/div>","protected":false},"excerpt":{"rendered":"<p>Bolet\u00ednes Cuatrimestrales Bolet\u00ednes Cuatrimestrales<\/p>","protected":false},"author":990004,"featured_media":0,"parent":62683,"menu_order":0,"comment_status":"closed","ping_status":"closed","template":"","meta":{"_acf_changed":false,"footnotes":""},"class_list":["post-65126","page","type-page","status-publish","hentry"],"acf":[],"yoast_head":"<!-- This site is optimized with the Yoast SEO plugin v24.7 - https:\/\/yoast.com\/wordpress\/plugins\/seo\/ -->\n<title>Bolet\u00ednes Cuatrimestrales - Proyecto de Vida<\/title>\n<meta name=\"robots\" content=\"index, follow, max-snippet:-1, max-image-preview:large, max-video-preview:-1\" \/>\n<link rel=\"canonical\" href=\"https:\/\/proyectodevida.org.mx\/en\/transparancia\/boletines-cuatrimestrales\/\" \/>\n<meta property=\"og:locale\" content=\"en_US\" \/>\n<meta property=\"og:type\" content=\"article\" \/>\n<meta property=\"og:title\" content=\"Bolet\u00ednes Cuatrimestrales - Proyecto de Vida\" \/>\n<meta property=\"og:description\" content=\"Bolet\u00ednes Cuatrimestrales Bolet\u00ednes Cuatrimestrales\" \/>\n<meta property=\"og:url\" content=\"https:\/\/proyectodevida.org.mx\/en\/transparancia\/boletines-cuatrimestrales\/\" \/>\n<meta property=\"og:site_name\" content=\"Proyecto de Vida\" \/>\n<meta property=\"article:modified_time\" content=\"2025-10-08T18:11:09+00:00\" \/>\n<meta property=\"og:image\" content=\"https:\/\/proyectodevida.org.mx\/wp-content\/uploads\/2025\/06\/Capture-decran-2025-06-19-a-11.48.10-768x1080.png\" \/>\n<meta name=\"twitter:card\" content=\"summary_large_image\" \/>\n<meta name=\"twitter:label1\" content=\"Est. reading time\" \/>\n\t<meta name=\"twitter:data1\" content=\"1 minute\" \/>\n<script type=\"application\/ld+json\" class=\"yoast-schema-graph\">{\"@context\":\"https:\/\/schema.org\",\"@graph\":[{\"@type\":\"WebPage\",\"@id\":\"https:\/\/proyectodevida.org.mx\/transparancia\/boletines-cuatrimestrales\/\",\"url\":\"https:\/\/proyectodevida.org.mx\/transparancia\/boletines-cuatrimestrales\/\",\"name\":\"Bolet\u00ednes Cuatrimestrales - Proyecto de Vida\",\"isPartOf\":{\"@id\":\"https:\/\/proyectodevida.org.mx\/#website\"},\"primaryImageOfPage\":{\"@id\":\"https:\/\/proyectodevida.org.mx\/transparancia\/boletines-cuatrimestrales\/#primaryimage\"},\"image\":{\"@id\":\"https:\/\/proyectodevida.org.mx\/transparancia\/boletines-cuatrimestrales\/#primaryimage\"},\"thumbnailUrl\":\"https:\/\/proyectodevida.org.mx\/wp-content\/uploads\/2025\/06\/Capture-decran-2025-06-19-a-11.48.10-768x1080.png\",\"datePublished\":\"2025-09-30T00:04:51+00:00\",\"dateModified\":\"2025-10-08T18:11:09+00:00\",\"breadcrumb\":{\"@id\":\"https:\/\/proyectodevida.org.mx\/transparancia\/boletines-cuatrimestrales\/#breadcrumb\"},\"inLanguage\":\"en-US\",\"potentialAction\":[{\"@type\":\"ReadAction\",\"target\":[\"https:\/\/proyectodevida.org.mx\/transparancia\/boletines-cuatrimestrales\/\"]}]},{\"@type\":\"ImageObject\",\"inLanguage\":\"en-US\",\"@id\":\"https:\/\/proyectodevida.org.mx\/transparancia\/boletines-cuatrimestrales\/#primaryimage\",\"url\":\"https:\/\/proyectodevida.org.mx\/wp-content\/uploads\/2025\/06\/Capture-decran-2025-06-19-a-11.48.10-768x1080.png\",\"contentUrl\":\"https:\/\/proyectodevida.org.mx\/wp-content\/uploads\/2025\/06\/Capture-decran-2025-06-19-a-11.48.10-768x1080.png\"},{\"@type\":\"BreadcrumbList\",\"@id\":\"https:\/\/proyectodevida.org.mx\/transparancia\/boletines-cuatrimestrales\/#breadcrumb\",\"itemListElement\":[{\"@type\":\"ListItem\",\"position\":1,\"name\":\"Portada\",\"item\":\"https:\/\/proyectodevida.org.mx\/\"},{\"@type\":\"ListItem\",\"position\":2,\"name\":\"Transparancia\",\"item\":\"https:\/\/proyectodevida.org.mx\/transparancia\/\"},{\"@type\":\"ListItem\",\"position\":3,\"name\":\"Bolet\u00ednes Cuatrimestrales\"}]},{\"@type\":\"WebSite\",\"@id\":\"https:\/\/proyectodevida.org.mx\/#website\",\"url\":\"https:\/\/proyectodevida.org.mx\/\",\"name\":\"Proyecto de Vida\",\"description\":\"\",\"publisher\":{\"@id\":\"https:\/\/proyectodevida.org.mx\/#organization\"},\"potentialAction\":[{\"@type\":\"SearchAction\",\"target\":{\"@type\":\"EntryPoint\",\"urlTemplate\":\"https:\/\/proyectodevida.org.mx\/?s={search_term_string}\"},\"query-input\":{\"@type\":\"PropertyValueSpecification\",\"valueRequired\":true,\"valueName\":\"search_term_string\"}}],\"inLanguage\":\"en-US\"},{\"@type\":\"Organization\",\"@id\":\"https:\/\/proyectodevida.org.mx\/#organization\",\"name\":\"Proyecto de Vida\",\"alternateName\":\"Proyecto de Vida\",\"url\":\"https:\/\/proyectodevida.org.mx\/\",\"logo\":{\"@type\":\"ImageObject\",\"inLanguage\":\"en-US\",\"@id\":\"https:\/\/proyectodevida.org.mx\/#\/schema\/logo\/image\/\",\"url\":\"https:\/\/proyectodevida.org.mx\/wp-content\/uploads\/2024\/04\/PROYECTO-DE-VIDA-linea-NOVIEMBRE-06.png\",\"contentUrl\":\"https:\/\/proyectodevida.org.mx\/wp-content\/uploads\/2024\/04\/PROYECTO-DE-VIDA-linea-NOVIEMBRE-06.png\",\"width\":1035,\"height\":735,\"caption\":\"Proyecto de Vida\"},\"image\":{\"@id\":\"https:\/\/proyectodevida.org.mx\/#\/schema\/logo\/image\/\"}}]}<\/script>\n<!-- \/ Yoast SEO plugin. -->","yoast_head_json":{"title":"Bolet\u00ednes Cuatrimestrales - Proyecto de Vida","robots":{"index":"index","follow":"follow","max-snippet":"max-snippet:-1","max-image-preview":"max-image-preview:large","max-video-preview":"max-video-preview:-1"},"canonical":"https:\/\/proyectodevida.org.mx\/en\/transparancia\/boletines-cuatrimestrales\/","og_locale":"en_US","og_type":"article","og_title":"Bolet\u00ednes Cuatrimestrales - Proyecto de Vida","og_description":"Bolet\u00ednes Cuatrimestrales Bolet\u00ednes Cuatrimestrales","og_url":"https:\/\/proyectodevida.org.mx\/en\/transparancia\/boletines-cuatrimestrales\/","og_site_name":"Proyecto de Vida","article_modified_time":"2025-10-08T18:11:09+00:00","og_image":[{"url":"https:\/\/proyectodevida.org.mx\/wp-content\/uploads\/2025\/06\/Capture-decran-2025-06-19-a-11.48.10-768x1080.png","type":"","width":"","height":""}],"twitter_card":"summary_large_image","twitter_misc":{"Est. reading time":"1 minute"},"schema":{"@context":"https:\/\/schema.org","@graph":[{"@type":"WebPage","@id":"https:\/\/proyectodevida.org.mx\/transparancia\/boletines-cuatrimestrales\/","url":"https:\/\/proyectodevida.org.mx\/transparancia\/boletines-cuatrimestrales\/","name":"Bolet\u00ednes Cuatrimestrales - Proyecto de Vida","isPartOf":{"@id":"https:\/\/proyectodevida.org.mx\/#website"},"primaryImageOfPage":{"@id":"https:\/\/proyectodevida.org.mx\/transparancia\/boletines-cuatrimestrales\/#primaryimage"},"image":{"@id":"https:\/\/proyectodevida.org.mx\/transparancia\/boletines-cuatrimestrales\/#primaryimage"},"thumbnailUrl":"https:\/\/proyectodevida.org.mx\/wp-content\/uploads\/2025\/06\/Capture-decran-2025-06-19-a-11.48.10-768x1080.png","datePublished":"2025-09-30T00:04:51+00:00","dateModified":"2025-10-08T18:11:09+00:00","breadcrumb":{"@id":"https:\/\/proyectodevida.org.mx\/transparancia\/boletines-cuatrimestrales\/#breadcrumb"},"inLanguage":"en-US","potentialAction":[{"@type":"ReadAction","target":["https:\/\/proyectodevida.org.mx\/transparancia\/boletines-cuatrimestrales\/"]}]},{"@type":"ImageObject","inLanguage":"en-US","@id":"https:\/\/proyectodevida.org.mx\/transparancia\/boletines-cuatrimestrales\/#primaryimage","url":"https:\/\/proyectodevida.org.mx\/wp-content\/uploads\/2025\/06\/Capture-decran-2025-06-19-a-11.48.10-768x1080.png","contentUrl":"https:\/\/proyectodevida.org.mx\/wp-content\/uploads\/2025\/06\/Capture-decran-2025-06-19-a-11.48.10-768x1080.png"},{"@type":"BreadcrumbList","@id":"https:\/\/proyectodevida.org.mx\/transparancia\/boletines-cuatrimestrales\/#breadcrumb","itemListElement":[{"@type":"ListItem","position":1,"name":"Portada","item":"https:\/\/proyectodevida.org.mx\/"},{"@type":"ListItem","position":2,"name":"Transparancia","item":"https:\/\/proyectodevida.org.mx\/transparancia\/"},{"@type":"ListItem","position":3,"name":"Bolet\u00ednes Cuatrimestrales"}]},{"@type":"WebSite","@id":"https:\/\/proyectodevida.org.mx\/#website","url":"https:\/\/proyectodevida.org.mx\/","name":"Proyecto de Vida","description":"","publisher":{"@id":"https:\/\/proyectodevida.org.mx\/#organization"},"potentialAction":[{"@type":"SearchAction","target":{"@type":"EntryPoint","urlTemplate":"https:\/\/proyectodevida.org.mx\/?s={search_term_string}"},"query-input":{"@type":"PropertyValueSpecification","valueRequired":true,"valueName":"search_term_string"}}],"inLanguage":"en-US"},{"@type":"Organization","@id":"https:\/\/proyectodevida.org.mx\/#organization","name":"Proyecto de Vida","alternateName":"Proyecto de Vida","url":"https:\/\/proyectodevida.org.mx\/","logo":{"@type":"ImageObject","inLanguage":"en-US","@id":"https:\/\/proyectodevida.org.mx\/#\/schema\/logo\/image\/","url":"https:\/\/proyectodevida.org.mx\/wp-content\/uploads\/2024\/04\/PROYECTO-DE-VIDA-linea-NOVIEMBRE-06.png","contentUrl":"https:\/\/proyectodevida.org.mx\/wp-content\/uploads\/2024\/04\/PROYECTO-DE-VIDA-linea-NOVIEMBRE-06.png","width":1035,"height":735,"caption":"Proyecto de Vida"},"image":{"@id":"https:\/\/proyectodevida.org.mx\/#\/schema\/logo\/image\/"}}]}},"_links":{"self":[{"href":"https:\/\/proyectodevida.org.mx\/en\/wp-json\/wp\/v2\/pages\/65126","targetHints":{"allow":["GET"]}}],"collection":[{"href":"https:\/\/proyectodevida.org.mx\/en\/wp-json\/wp\/v2\/pages"}],"about":[{"href":"https:\/\/proyectodevida.org.mx\/en\/wp-json\/wp\/v2\/types\/page"}],"author":[{"embeddable":true,"href":"https:\/\/proyectodevida.org.mx\/en\/wp-json\/wp\/v2\/users\/990004"}],"replies":[{"embeddable":true,"href":"https:\/\/proyectodevida.org.mx\/en\/wp-json\/wp\/v2\/comments?post=65126"}],"version-history":[{"count":56,"href":"https:\/\/proyectodevida.org.mx\/en\/wp-json\/wp\/v2\/pages\/65126\/revisions"}],"predecessor-version":[{"id":65289,"href":"https:\/\/proyectodevida.org.mx\/en\/wp-json\/wp\/v2\/pages\/65126\/revisions\/65289"}],"up":[{"embeddable":true,"href":"https:\/\/proyectodevida.org.mx\/en\/wp-json\/wp\/v2\/pages\/62683"}],"wp:attachment":[{"href":"https:\/\/proyectodevida.org.mx\/en\/wp-json\/wp\/v2\/media?parent=65126"}],"curies":[{"name":"wp","href":"https:\/\/api.w.org\/{rel}","templated":true}]}}