{"id":64265,"date":"2024-07-04T19:05:31","date_gmt":"2024-07-04T19:05:31","guid":{"rendered":"https:\/\/proyectodevida.org.mx\/?page_id=64265"},"modified":"2024-08-30T16:08:44","modified_gmt":"2024-08-30T16:08:44","slug":"amasfacton","status":"publish","type":"page","link":"https:\/\/proyectodevida.org.mx\/en\/amasfacton\/","title":{"rendered":"Amasfacton"},"content":{"rendered":"<div data-elementor-type=\"wp-page\" data-elementor-id=\"64265\" class=\"elementor elementor-64265\">\n\t\t\t\t\t\t<section class=\"elementor-section elementor-top-section elementor-element elementor-element-df12b3f elementor-section-boxed elementor-section-height-default elementor-section-height-default\" data-id=\"df12b3f\" data-element_type=\"section\">\n\t\t\t\t\t\t<div class=\"elementor-container elementor-column-gap-default\">\n\t\t\t\t\t<div class=\"elementor-column elementor-col-100 elementor-top-column elementor-element elementor-element-35dbf62\" data-id=\"35dbf62\" data-element_type=\"column\">\n\t\t\t<div class=\"elementor-widget-wrap elementor-element-populated\">\n\t\t\t\t\t\t<div class=\"elementor-element elementor-element-87c1feb elementor-widget elementor-widget-image\" data-id=\"87c1feb\" data-element_type=\"widget\" data-widget_type=\"image.default\">\n\t\t\t\t<div class=\"elementor-widget-container\">\n\t\t\t\t\t\t\t\t\t\t\t\t\t\t\t<img decoding=\"async\" width=\"300\" height=\"130\" src=\"https:\/\/proyectodevida.org.mx\/wp-content\/uploads\/2024\/07\/LOGO-AMASFACTON-2024-300x130.png\" class=\"attachment-medium size-medium wp-image-64305\" alt=\"\" srcset=\"https:\/\/proyectodevida.org.mx\/wp-content\/uploads\/2024\/07\/LOGO-AMASFACTON-2024-300x130.png 300w, https:\/\/proyectodevida.org.mx\/wp-content\/uploads\/2024\/07\/LOGO-AMASFACTON-2024-768x333.png 768w, https:\/\/proyectodevida.org.mx\/wp-content\/uploads\/2024\/07\/LOGO-AMASFACTON-2024-18x8.png 18w, https:\/\/proyectodevida.org.mx\/wp-content\/uploads\/2024\/07\/LOGO-AMASFACTON-2024.png 1000w\" sizes=\"(max-width: 300px) 100vw, 300px\" \/>\t\t\t\t\t\t\t\t\t\t\t\t\t\t\t<\/div>\n\t\t\t\t<\/div>\n\t\t\t\t\t<\/div>\n\t\t<\/div>\n\t\t\t\t\t<\/div>\n\t\t<\/section>\n\t\t\t\t<section class=\"elementor-section elementor-top-section elementor-element elementor-element-38760e50 elementor-section-boxed elementor-section-height-default elementor-section-height-default\" data-id=\"38760e50\" data-element_type=\"section\">\n\t\t\t\t\t\t<div class=\"elementor-container elementor-column-gap-default\">\n\t\t\t\t\t<div class=\"elementor-column elementor-col-100 elementor-top-column elementor-element elementor-element-d22a2f9\" data-id=\"d22a2f9\" data-element_type=\"column\">\n\t\t\t<div class=\"elementor-widget-wrap elementor-element-populated\">\n\t\t\t\t\t\t<div class=\"elementor-element elementor-element-962ec1b elementor-widget elementor-widget-text-editor\" data-id=\"962ec1b\" data-element_type=\"widget\" data-widget_type=\"text-editor.default\">\n\t\t\t\t<div class=\"elementor-widget-container\">\n\t\t\t\t\t\t\t\t\t<h5 style=\"text-align: center;\">INFORMACI\u00d3N<strong> MUY IMPORTANTE. FAVOR DE LEER ANTES DE CONTINUAR CON SU INSCRIPCI\u00d3N.<\/strong><\/h5>\n<div>\n<p><strong>*YA NO CONTAMOS CON KITS, SE ACABARON DURANTE EL PERIODO DE INSCRIPCI\u00d3N. A\u00daN PUEDEN HACER SU REGISTRO SI DESEAN APOYAR Y ACUDIR A LA CARRERA CON CUALQUIER PLAYERA. GRACIAS POR SU APOYO Y COMPRENSI\u00d3N.<\/strong><\/p>\n<\/div>\n<p>En este formulario puedes pagar la inscripci\u00f3n al AMASFACT\u00d3N 2024 usando tarjeta de cr\u00e9dito o d\u00e9bito para hasta 3 participantes llenando un solo formulario.<\/p>\n<p>Selecciona y paga el costo de un participante directamente o, si quieres inscribir a mas de un participante, suma el costo de los 2 o 3 participantes a inscribir (los costos para adulto, ni\u00f1o y mascota vienen en el formulario) y escribe el total en el campo \u201ccantidad personalizada\u201d.<\/p>\n<p>Proyecto de Vida, I.A.P., est\u00e1 autorizada como Donataria por el S.A.T. y puede emitir recibos deducibles de impuestos. Solicita tu recibo haciendo click en el bot\u00f3n &#8220;Cont\u00e1ctanos por WhatsApp&#8221; (+52 55 7359 5302). En ese mismo n\u00famero estamos a tus \u00f3rdenes por cualquier duda.<\/p>\t\t\t\t\t\t\t\t<\/div>\n\t\t\t\t<\/div>\n\t\t\t\t<div class=\"elementor-element elementor-element-221d78b elementor-align-center elementor-widget elementor-widget-button\" data-id=\"221d78b\" data-element_type=\"widget\" data-widget_type=\"button.default\">\n\t\t\t\t<div class=\"elementor-widget-container\">\n\t\t\t\t\t\t\t\t\t<div class=\"elementor-button-wrapper\">\n\t\t\t\t\t<a class=\"elementor-button elementor-button-link elementor-size-sm\" href=\"https:\/\/wa.me\/qr\/STSDVRN67EEKK1\">\n\t\t\t\t\t\t<span class=\"elementor-button-content-wrapper\">\n\t\t\t\t\t\t\t\t\t<span class=\"elementor-button-text\">\u00a1Cont\u00e1ctanos por WhatsApp!<\/span>\n\t\t\t\t\t<\/span>\n\t\t\t\t\t<\/a>\n\t\t\t\t<\/div>\n\t\t\t\t\t\t\t\t<\/div>\n\t\t\t\t<\/div>\n\t\t\t\t\t<\/div>\n\t\t<\/div>\n\t\t\t\t\t<\/div>\n\t\t<\/section>\n\t\t\t\t<section class=\"elementor-section elementor-top-section elementor-element elementor-element-903abfb elementor-section-boxed elementor-section-height-default elementor-section-height-default\" data-id=\"903abfb\" data-element_type=\"section\">\n\t\t\t\t\t\t<div class=\"elementor-container elementor-column-gap-default\">\n\t\t\t\t\t<div class=\"elementor-column elementor-col-33 elementor-top-column elementor-element elementor-element-cc42929\" data-id=\"cc42929\" data-element_type=\"column\">\n\t\t\t<div class=\"elementor-widget-wrap\">\n\t\t\t\t\t\t\t<\/div>\n\t\t<\/div>\n\t\t\t\t<div class=\"elementor-column elementor-col-33 elementor-top-column elementor-element elementor-element-fc9183a\" data-id=\"fc9183a\" data-element_type=\"column\">\n\t\t\t<div class=\"elementor-widget-wrap\">\n\t\t\t\t\t\t\t<\/div>\n\t\t<\/div>\n\t\t\t\t<div class=\"elementor-column elementor-col-33 elementor-top-column elementor-element elementor-element-7c02ff5\" data-id=\"7c02ff5\" data-element_type=\"column\">\n\t\t\t<div class=\"elementor-widget-wrap\">\n\t\t\t\t\t\t\t<\/div>\n\t\t<\/div>\n\t\t\t\t\t<\/div>\n\t\t<\/section>\n\t\t\t\t<section class=\"elementor-section elementor-top-section elementor-element elementor-element-de4af0a elementor-section-boxed elementor-section-height-default elementor-section-height-default\" data-id=\"de4af0a\" data-element_type=\"section\">\n\t\t\t\t\t\t<div class=\"elementor-container elementor-column-gap-default\">\n\t\t\t\t\t<div class=\"elementor-column elementor-col-33 elementor-top-column elementor-element elementor-element-d2e7309\" data-id=\"d2e7309\" data-element_type=\"column\">\n\t\t\t<div class=\"elementor-widget-wrap\">\n\t\t\t\t\t\t\t<\/div>\n\t\t<\/div>\n\t\t\t\t<div class=\"elementor-column elementor-col-33 elementor-top-column elementor-element elementor-element-d73e309\" data-id=\"d73e309\" data-element_type=\"column\">\n\t\t\t<div class=\"elementor-widget-wrap elementor-element-populated\">\n\t\t\t\t\t\t<div class=\"elementor-element elementor-element-f37175d elementor-widget elementor-widget-html\" data-id=\"f37175d\" data-element_type=\"widget\" data-widget_type=\"html.default\">\n\t\t\t\t<div class=\"elementor-widget-container\">\n\t\t\t\t\t<script src=\"https:\/\/donorbox.org\/widget.js\" paypalexpress=\"true\"><\/script><iframe src=\"https:\/\/donorbox.org\/embed\/amasfacton2024-2-2?language=en\" name=\"donorbox\" allowpaymentrequest=\"allowpaymentrequest\" seamless=\"seamless\" frameborder=\"0\" scrolling=\"no\" height=\"900px\" width=\"100%\" style=\"max-width: 500px; min-width: 250px; max-height:none!important\" allow=\"payment\"><\/iframe>\t\t\t\t<\/div>\n\t\t\t\t<\/div>\n\t\t\t\t\t<\/div>\n\t\t<\/div>\n\t\t\t\t<div class=\"elementor-column elementor-col-33 elementor-top-column elementor-element elementor-element-9373471\" data-id=\"9373471\" data-element_type=\"column\">\n\t\t\t<div class=\"elementor-widget-wrap\">\n\t\t\t\t\t\t\t<\/div>\n\t\t<\/div>\n\t\t\t\t\t<\/div>\n\t\t<\/section>\n\t\t\t\t<\/div>","protected":false},"excerpt":{"rendered":"<p>INFORMACI\u00d3N MUY IMPORTANTE. FAVOR DE LEER ANTES DE CONTINUAR CON SU INSCRIPCI\u00d3N. *YA NO CONTAMOS CON KITS, SE ACABARON DURANTE EL PERIODO DE INSCRIPCI\u00d3N. A\u00daN PUEDEN HACER SU REGISTRO SI DESEAN APOYAR Y ACUDIR A LA CARRERA CON CUALQUIER PLAYERA. GRACIAS POR SU APOYO Y COMPRENSI\u00d3N. En este formulario puedes pagar la inscripci\u00f3n al AMASFACT\u00d3N [&hellip;]<\/p>","protected":false},"author":990004,"featured_media":0,"parent":0,"menu_order":0,"comment_status":"closed","ping_status":"closed","template":"","meta":{"_acf_changed":false,"footnotes":""},"class_list":["post-64265","page","type-page","status-publish","hentry"],"acf":[],"yoast_head":"<!-- This site is optimized with the Yoast SEO plugin v24.7 - https:\/\/yoast.com\/wordpress\/plugins\/seo\/ -->\n<title>Amasfacton - Proyecto de Vida<\/title>\n<meta name=\"robots\" content=\"index, follow, max-snippet:-1, max-image-preview:large, max-video-preview:-1\" \/>\n<link rel=\"canonical\" href=\"https:\/\/proyectodevida.org.mx\/en\/amasfacton\/\" \/>\n<meta property=\"og:locale\" content=\"en_US\" \/>\n<meta property=\"og:type\" content=\"article\" \/>\n<meta property=\"og:title\" content=\"Amasfacton - Proyecto de Vida\" \/>\n<meta property=\"og:description\" content=\"INFORMACI\u00d3N MUY IMPORTANTE. FAVOR DE LEER ANTES DE CONTINUAR CON SU INSCRIPCI\u00d3N. *YA NO CONTAMOS CON KITS, SE ACABARON DURANTE EL PERIODO DE INSCRIPCI\u00d3N. A\u00daN PUEDEN HACER SU REGISTRO SI DESEAN APOYAR Y ACUDIR A LA CARRERA CON CUALQUIER PLAYERA. GRACIAS POR SU APOYO Y COMPRENSI\u00d3N. En este formulario puedes pagar la inscripci\u00f3n al AMASFACT\u00d3N [&hellip;]\" \/>\n<meta property=\"og:url\" content=\"https:\/\/proyectodevida.org.mx\/en\/amasfacton\/\" \/>\n<meta property=\"og:site_name\" content=\"Proyecto de Vida\" \/>\n<meta property=\"article:modified_time\" content=\"2024-08-30T16:08:44+00:00\" \/>\n<meta property=\"og:image\" content=\"https:\/\/proyectodevida.org.mx\/wp-content\/uploads\/2024\/07\/LOGO-AMASFACTON-2024-300x130.png\" \/>\n<meta name=\"twitter:card\" content=\"summary_large_image\" \/>\n<meta name=\"twitter:label1\" content=\"Est. reading time\" \/>\n\t<meta name=\"twitter:data1\" content=\"1 minute\" \/>\n<script type=\"application\/ld+json\" class=\"yoast-schema-graph\">{\"@context\":\"https:\/\/schema.org\",\"@graph\":[{\"@type\":\"WebPage\",\"@id\":\"https:\/\/proyectodevida.org.mx\/amasfacton\/\",\"url\":\"https:\/\/proyectodevida.org.mx\/amasfacton\/\",\"name\":\"Amasfacton - Proyecto de Vida\",\"isPartOf\":{\"@id\":\"https:\/\/proyectodevida.org.mx\/#website\"},\"primaryImageOfPage\":{\"@id\":\"https:\/\/proyectodevida.org.mx\/amasfacton\/#primaryimage\"},\"image\":{\"@id\":\"https:\/\/proyectodevida.org.mx\/amasfacton\/#primaryimage\"},\"thumbnailUrl\":\"https:\/\/proyectodevida.org.mx\/wp-content\/uploads\/2024\/07\/LOGO-AMASFACTON-2024-300x130.png\",\"datePublished\":\"2024-07-04T19:05:31+00:00\",\"dateModified\":\"2024-08-30T16:08:44+00:00\",\"breadcrumb\":{\"@id\":\"https:\/\/proyectodevida.org.mx\/amasfacton\/#breadcrumb\"},\"inLanguage\":\"en-US\",\"potentialAction\":[{\"@type\":\"ReadAction\",\"target\":[\"https:\/\/proyectodevida.org.mx\/amasfacton\/\"]}]},{\"@type\":\"ImageObject\",\"inLanguage\":\"en-US\",\"@id\":\"https:\/\/proyectodevida.org.mx\/amasfacton\/#primaryimage\",\"url\":\"https:\/\/proyectodevida.org.mx\/wp-content\/uploads\/2024\/07\/LOGO-AMASFACTON-2024-300x130.png\",\"contentUrl\":\"https:\/\/proyectodevida.org.mx\/wp-content\/uploads\/2024\/07\/LOGO-AMASFACTON-2024-300x130.png\"},{\"@type\":\"BreadcrumbList\",\"@id\":\"https:\/\/proyectodevida.org.mx\/amasfacton\/#breadcrumb\",\"itemListElement\":[{\"@type\":\"ListItem\",\"position\":1,\"name\":\"Portada\",\"item\":\"https:\/\/proyectodevida.org.mx\/\"},{\"@type\":\"ListItem\",\"position\":2,\"name\":\"Amasfacton\"}]},{\"@type\":\"WebSite\",\"@id\":\"https:\/\/proyectodevida.org.mx\/#website\",\"url\":\"https:\/\/proyectodevida.org.mx\/\",\"name\":\"Proyecto de Vida\",\"description\":\"\",\"publisher\":{\"@id\":\"https:\/\/proyectodevida.org.mx\/#organization\"},\"potentialAction\":[{\"@type\":\"SearchAction\",\"target\":{\"@type\":\"EntryPoint\",\"urlTemplate\":\"https:\/\/proyectodevida.org.mx\/?s={search_term_string}\"},\"query-input\":{\"@type\":\"PropertyValueSpecification\",\"valueRequired\":true,\"valueName\":\"search_term_string\"}}],\"inLanguage\":\"en-US\"},{\"@type\":\"Organization\",\"@id\":\"https:\/\/proyectodevida.org.mx\/#organization\",\"name\":\"Proyecto de Vida\",\"alternateName\":\"Proyecto de Vida\",\"url\":\"https:\/\/proyectodevida.org.mx\/\",\"logo\":{\"@type\":\"ImageObject\",\"inLanguage\":\"en-US\",\"@id\":\"https:\/\/proyectodevida.org.mx\/#\/schema\/logo\/image\/\",\"url\":\"https:\/\/proyectodevida.org.mx\/wp-content\/uploads\/2024\/04\/PROYECTO-DE-VIDA-linea-NOVIEMBRE-06.png\",\"contentUrl\":\"https:\/\/proyectodevida.org.mx\/wp-content\/uploads\/2024\/04\/PROYECTO-DE-VIDA-linea-NOVIEMBRE-06.png\",\"width\":1035,\"height\":735,\"caption\":\"Proyecto de Vida\"},\"image\":{\"@id\":\"https:\/\/proyectodevida.org.mx\/#\/schema\/logo\/image\/\"}}]}<\/script>\n<!-- \/ Yoast SEO plugin. -->","yoast_head_json":{"title":"Amasfacton - Proyecto de Vida","robots":{"index":"index","follow":"follow","max-snippet":"max-snippet:-1","max-image-preview":"max-image-preview:large","max-video-preview":"max-video-preview:-1"},"canonical":"https:\/\/proyectodevida.org.mx\/en\/amasfacton\/","og_locale":"en_US","og_type":"article","og_title":"Amasfacton - Proyecto de Vida","og_description":"INFORMACI\u00d3N MUY IMPORTANTE. FAVOR DE LEER ANTES DE CONTINUAR CON SU INSCRIPCI\u00d3N. *YA NO CONTAMOS CON KITS, SE ACABARON DURANTE EL PERIODO DE INSCRIPCI\u00d3N. A\u00daN PUEDEN HACER SU REGISTRO SI DESEAN APOYAR Y ACUDIR A LA CARRERA CON CUALQUIER PLAYERA. GRACIAS POR SU APOYO Y COMPRENSI\u00d3N. En este formulario puedes pagar la inscripci\u00f3n al AMASFACT\u00d3N [&hellip;]","og_url":"https:\/\/proyectodevida.org.mx\/en\/amasfacton\/","og_site_name":"Proyecto de Vida","article_modified_time":"2024-08-30T16:08:44+00:00","og_image":[{"url":"https:\/\/proyectodevida.org.mx\/wp-content\/uploads\/2024\/07\/LOGO-AMASFACTON-2024-300x130.png","type":"","width":"","height":""}],"twitter_card":"summary_large_image","twitter_misc":{"Est. reading time":"1 minute"},"schema":{"@context":"https:\/\/schema.org","@graph":[{"@type":"WebPage","@id":"https:\/\/proyectodevida.org.mx\/amasfacton\/","url":"https:\/\/proyectodevida.org.mx\/amasfacton\/","name":"Amasfacton - Proyecto de Vida","isPartOf":{"@id":"https:\/\/proyectodevida.org.mx\/#website"},"primaryImageOfPage":{"@id":"https:\/\/proyectodevida.org.mx\/amasfacton\/#primaryimage"},"image":{"@id":"https:\/\/proyectodevida.org.mx\/amasfacton\/#primaryimage"},"thumbnailUrl":"https:\/\/proyectodevida.org.mx\/wp-content\/uploads\/2024\/07\/LOGO-AMASFACTON-2024-300x130.png","datePublished":"2024-07-04T19:05:31+00:00","dateModified":"2024-08-30T16:08:44+00:00","breadcrumb":{"@id":"https:\/\/proyectodevida.org.mx\/amasfacton\/#breadcrumb"},"inLanguage":"en-US","potentialAction":[{"@type":"ReadAction","target":["https:\/\/proyectodevida.org.mx\/amasfacton\/"]}]},{"@type":"ImageObject","inLanguage":"en-US","@id":"https:\/\/proyectodevida.org.mx\/amasfacton\/#primaryimage","url":"https:\/\/proyectodevida.org.mx\/wp-content\/uploads\/2024\/07\/LOGO-AMASFACTON-2024-300x130.png","contentUrl":"https:\/\/proyectodevida.org.mx\/wp-content\/uploads\/2024\/07\/LOGO-AMASFACTON-2024-300x130.png"},{"@type":"BreadcrumbList","@id":"https:\/\/proyectodevida.org.mx\/amasfacton\/#breadcrumb","itemListElement":[{"@type":"ListItem","position":1,"name":"Portada","item":"https:\/\/proyectodevida.org.mx\/"},{"@type":"ListItem","position":2,"name":"Amasfacton"}]},{"@type":"WebSite","@id":"https:\/\/proyectodevida.org.mx\/#website","url":"https:\/\/proyectodevida.org.mx\/","name":"Proyecto de Vida","description":"","publisher":{"@id":"https:\/\/proyectodevida.org.mx\/#organization"},"potentialAction":[{"@type":"SearchAction","target":{"@type":"EntryPoint","urlTemplate":"https:\/\/proyectodevida.org.mx\/?s={search_term_string}"},"query-input":{"@type":"PropertyValueSpecification","valueRequired":true,"valueName":"search_term_string"}}],"inLanguage":"en-US"},{"@type":"Organization","@id":"https:\/\/proyectodevida.org.mx\/#organization","name":"Proyecto de Vida","alternateName":"Proyecto de Vida","url":"https:\/\/proyectodevida.org.mx\/","logo":{"@type":"ImageObject","inLanguage":"en-US","@id":"https:\/\/proyectodevida.org.mx\/#\/schema\/logo\/image\/","url":"https:\/\/proyectodevida.org.mx\/wp-content\/uploads\/2024\/04\/PROYECTO-DE-VIDA-linea-NOVIEMBRE-06.png","contentUrl":"https:\/\/proyectodevida.org.mx\/wp-content\/uploads\/2024\/04\/PROYECTO-DE-VIDA-linea-NOVIEMBRE-06.png","width":1035,"height":735,"caption":"Proyecto de Vida"},"image":{"@id":"https:\/\/proyectodevida.org.mx\/#\/schema\/logo\/image\/"}}]}},"_links":{"self":[{"href":"https:\/\/proyectodevida.org.mx\/en\/wp-json\/wp\/v2\/pages\/64265","targetHints":{"allow":["GET"]}}],"collection":[{"href":"https:\/\/proyectodevida.org.mx\/en\/wp-json\/wp\/v2\/pages"}],"about":[{"href":"https:\/\/proyectodevida.org.mx\/en\/wp-json\/wp\/v2\/types\/page"}],"author":[{"embeddable":true,"href":"https:\/\/proyectodevida.org.mx\/en\/wp-json\/wp\/v2\/users\/990004"}],"replies":[{"embeddable":true,"href":"https:\/\/proyectodevida.org.mx\/en\/wp-json\/wp\/v2\/comments?post=64265"}],"version-history":[{"count":70,"href":"https:\/\/proyectodevida.org.mx\/en\/wp-json\/wp\/v2\/pages\/64265\/revisions"}],"predecessor-version":[{"id":64384,"href":"https:\/\/proyectodevida.org.mx\/en\/wp-json\/wp\/v2\/pages\/64265\/revisions\/64384"}],"wp:attachment":[{"href":"https:\/\/proyectodevida.org.mx\/en\/wp-json\/wp\/v2\/media?parent=64265"}],"curies":[{"name":"wp","href":"https:\/\/api.w.org\/{rel}","templated":true}]}}